{"id":37,"date":"2021-05-05T14:55:05","date_gmt":"2021-05-05T11:55:05","guid":{"rendered":"http:\/\/rakennussanasto.fi\/?page_id=37"},"modified":"2021-12-08T10:10:37","modified_gmt":"2021-12-08T08:10:37","slug":"tietoa-palvelusta","status":"publish","type":"page","link":"https:\/\/rakennussanasto.fi\/en\/etusivu\/tietoa-palvelusta\/","title":{"rendered":"Tietoa palvelusta"},"content":{"rendered":"<h1>Tietoa palvelusta<\/h1>\n<p>Rakennussanasto.fi on kehitetty Safecon-ty\u00f6turvallisuushankkeessa ty\u00f6kaluksi rakennusty\u00f6maille sek\u00e4 opetustarkoituksiin. Kolmekielinen (suomi, englanti ja ven\u00e4j\u00e4) sivusto koostuu Turvamerkeist\u00e4, K\u00e4simerkeist\u00e4, Ty\u00f6turvallisuussanastosta ja Testaa taitosi -osasta. Ty\u00f6turvallisuussanaston sanat voi kuunnella kolmella kielell\u00e4. Lis\u00e4ksi ven\u00e4j\u00e4nkielisiss\u00e4 sanoissa on kirjallinen \u00e4\u00e4nt\u00e4misohje.<\/p>\n<p>Sivuston sis\u00e4ll\u00f6n on suunnitellut Tarja Kovalev ja sen on toteuttanut Dominus Oy.<\/p>\n<p>Sivustolle lis\u00e4t\u00e4\u00e4n Ty\u00f6kalut-kuvasanasto ja Rakennusmateriaalisanasto 2022 aikana.<\/p>\n<p>Sivustoa yll\u00e4pit\u00e4\u00e4 Tarja Kovalev. Materiaalin kopiointi on kielletty.<\/p>\n<p>Kehitt\u00e4mis- ja korjausehdotukset voit l\u00e4hett\u00e4\u00e4 sivuston alalaidassa olevan Anna palautetta -painikkeen kautta.<\/p>\n<p><!--\n--- psimages : cfs_textarea ---\n\n--- text : cfs_textarea ---\n\n--- editor : field field-pagesects_LFIELD_editor cfs_textarea ---\n\n\n<div class=\"L-sect L-row L-sectcount-1\">\n\n\n<div class=\"L-node L-type-text\" data-type=\"text\">\n\n\n<h1>Tietoa palvelusta<\/h1>\n\n\nRakennussanasto.fi on kehitetty Safecon-ty\u00f6turvallisuushankkeessa ty\u00f6kaluksi rakennusty\u00f6maille sek\u00e4 opetustarkoituksiin. Kolmekielinen (suomi, englanti ja ven\u00e4j\u00e4) sivusto koostuu Turvamerkeist\u00e4, K\u00e4simerkeist\u00e4, Ty\u00f6turvallisuussanastosta ja Testaa taitosi -osasta. Ty\u00f6turvallisuussanaston sanat voi kuunnella kolmella kielell\u00e4. Lis\u00e4ksi ven\u00e4j\u00e4nkielisiss\u00e4 sanoissa on kirjallinen \u00e4\u00e4nt\u00e4misohje. &nbsp;\n\nSivuston sis\u00e4ll\u00f6n on suunnitellut Tarja Kovalev ja sen on toteuttanut Dominus Oy. &nbsp;\n\nSivustolle lis\u00e4t\u00e4\u00e4n Ty\u00f6kalut-kuvasanasto ja Rakennusmateriaalisanasto 2022 aikana.&nbsp;\n\nSivustoa yll\u00e4pit\u00e4\u00e4 Tarja Kovalev. Materiaalin kopiointi on kielletty.&nbsp;\n\nKehitt\u00e4mis- ja korjausehdotukset voit l\u00e4hett\u00e4\u00e4 sivuston alalaidassa olevan Anna palautetta -painikkeen kautta.&nbsp;\n\n<\/div>\n\n\n<\/div>\n\n\n--><\/p>\n","protected":false},"excerpt":{"rendered":"<p>Tietoa palvelusta Rakennussanasto.fi on kehitetty Safecon-ty\u00f6turvallisuushankkeessa ty\u00f6kaluksi rakennusty\u00f6maille sek\u00e4 opetustarkoituksiin. Kolmekielinen (suomi, englanti ja ven\u00e4j\u00e4) sivusto koostuu Turvamerkeist\u00e4, K\u00e4simerkeist\u00e4, Ty\u00f6turvallisuussanastosta [&hellip;]<\/p>\n","protected":false},"author":1,"featured_media":0,"parent":11,"menu_order":2,"comment_status":"closed","ping_status":"closed","template":"","meta":{"footnotes":""},"class_list":["post-37","page","type-page","status-publish","hentry"],"_links":{"self":[{"href":"https:\/\/rakennussanasto.fi\/en\/wp-json\/wp\/v2\/pages\/37","targetHints":{"allow":["GET"]}}],"collection":[{"href":"https:\/\/rakennussanasto.fi\/en\/wp-json\/wp\/v2\/pages"}],"about":[{"href":"https:\/\/rakennussanasto.fi\/en\/wp-json\/wp\/v2\/types\/page"}],"author":[{"embeddable":true,"href":"https:\/\/rakennussanasto.fi\/en\/wp-json\/wp\/v2\/users\/1"}],"replies":[{"embeddable":true,"href":"https:\/\/rakennussanasto.fi\/en\/wp-json\/wp\/v2\/comments?post=37"}],"version-history":[{"count":4,"href":"https:\/\/rakennussanasto.fi\/en\/wp-json\/wp\/v2\/pages\/37\/revisions"}],"predecessor-version":[{"id":1557,"href":"https:\/\/rakennussanasto.fi\/en\/wp-json\/wp\/v2\/pages\/37\/revisions\/1557"}],"up":[{"embeddable":true,"href":"https:\/\/rakennussanasto.fi\/en\/wp-json\/wp\/v2\/pages\/11"}],"wp:attachment":[{"href":"https:\/\/rakennussanasto.fi\/en\/wp-json\/wp\/v2\/media?parent=37"}],"curies":[{"name":"wp","href":"https:\/\/api.w.org\/{rel}","templated":true}]}}