{"id":129,"date":"2021-05-31T08:38:21","date_gmt":"2021-05-31T05:38:21","guid":{"rendered":"http:\/\/rakennussanasto.fi\/?page_id=129"},"modified":"2022-01-10T16:03:06","modified_gmt":"2022-01-10T14:03:06","slug":"kasimerkit","status":"publish","type":"page","link":"https:\/\/rakennussanasto.fi\/ru\/kasimerkit\/","title":{"rendered":"P\u0443\u0447\u043d\u044b\u0435 \u0441\u0438\u0433\u043d\u0430\u043b\u044b"},"content":{"rendered":"<p><\/p>\n<h1>K\u00e4simerkit<\/h1>\n<hr \/>\n<h2>\u00c4\u00e4niviestit<\/h2>\n<p><!--\n--- psimages : cfs_textarea ---\n\n--- text : cfs_textarea ---\n\n--- editor : field field-pagesects_LFIELD_editor cfs_textarea ---\n\n\n<div class=\"L-sect L-row L-sectcount-1\">\n\n\n<div class=\"L-node L-type-text L-langwrap L-lang-fi\" data-type=\"text\" data-lang=\"fi\">\n\n\n<h1>K\u00e4simerkit<\/h1>\n\n\n<\/div>\n\n\n\n\n<div class=\"L-node L-langwrap L-lang-en L-type-text\" data-lang=\"en\" data-type=\"text\">\n\n\n<h1>K\u00e4simerkit<\/h1>\n\n\n<\/div>\n\n\n\n\n<div class=\"L-node L-langwrap L-lang-ru L-type-text\" data-lang=\"ru\" data-type=\"text\">\n\n\n<h1>K\u00e4simerkit<\/h1>\n\n\n<\/div>\n\n\n<\/div>\n\n\n\n\n<div class=\"L-sect L-row L-sectcount-1 Lclass-biggerpics\">\n\n\n<div class=\"L-node L-type-imagedesc\" data-type=\"imagedesc\">\n\n\n<div class=\"L-item\">\n\n\n<div class=\"L-imagepart\"><img decoding=\"async\" class=\"L-image\" src=\"https:\/\/rakennussanasto.fi\/wp-content\/uploads\/2021\/08\/2-500x338.jpg\"><\/div>\n\n\n\n\n<div class=\"L-textpart\">\n\n\n<div class=\"L-text L-text1\"><img decoding=\"async\" class=\"L-flagpin\" src=\"\/wp-content\/uploads\/2021\/05\/flag_fi.png\">Aloita, seuraa ohjeitani<\/div>\n\n\n\n\n<div class=\"L-text L-text2\"><img decoding=\"async\" class=\"L-flagpin\" src=\"\/wp-content\/uploads\/2021\/05\/flag_uk.png\">Start on command<\/div>\n\n\n\n\n<div class=\"L-text L-text3\"><img decoding=\"async\" class=\"L-flagpin\" src=\"\/wp-content\/uploads\/2021\/05\/flag_ru.png\">\u041d\u0430\u0447\u0438\u043d\u0430\u0439\u0442\u0435, \u0441\u043b\u0435\u0434\u0443\u0439\u0442\u0435 \u043c\u043e\u0438\u043c \u0443\u043a\u0430\u0437\u0430\u043d\u0438\u044f\u043c<\/div>\n\n\n<\/div>\n\n\n<\/div>\n\n\n\n\n<div class=\"L-item\">\n\n\n<div class=\"L-imagepart\"><img decoding=\"async\" class=\"L-image\" src=\"https:\/\/rakennussanasto.fi\/wp-content\/uploads\/2021\/08\/3-500x338.jpg\"><\/div>\n\n\n\n\n<div class=\"L-textpart\">\n\n\n<div class=\"L-text L-text1\"><img decoding=\"async\" class=\"L-flagpin\" src=\"\/wp-content\/uploads\/2021\/05\/flag_fi.png\">Lopeta toiminto<\/div>\n\n\n\n\n<div class=\"L-text L-text2\"><img decoding=\"async\" class=\"L-flagpin\" src=\"\/wp-content\/uploads\/2021\/05\/flag_uk.png\">End the operation<\/div>\n\n\n\n\n<div class=\"L-text L-text3\"><img decoding=\"async\" class=\"L-flagpin\" src=\"\/wp-content\/uploads\/2021\/05\/flag_ru.png\">\u041f\u0440\u0435\u043a\u0440\u0430\u0442\u0438\u0442\u044c \u0434\u0435\u0439\u0441\u0442\u0432\u0438\u0435<\/div>\n\n\n<\/div>\n\n\n<\/div>\n\n\n\n\n<div class=\"L-item\">\n\n\n<div class=\"L-imagepart\"><img decoding=\"async\" class=\"L-image\" src=\"https:\/\/rakennussanasto.fi\/wp-content\/uploads\/2021\/08\/4-500x338.jpg\"><\/div>\n\n\n\n\n<div class=\"L-textpart\">\n\n\n<div class=\"L-text L-text1\"><img decoding=\"async\" class=\"L-flagpin\" src=\"\/wp-content\/uploads\/2021\/05\/flag_fi.png\">Seis, keskeyt\u00e4, lopeta liike<\/div>\n\n\n\n\n<div class=\"L-text L-text2\"><img decoding=\"async\" class=\"L-flagpin\" src=\"\/wp-content\/uploads\/2021\/05\/flag_uk.png\">Stop<\/div>\n\n\n\n\n<div class=\"L-text L-text3\"><img decoding=\"async\" class=\"L-flagpin\" src=\"\/wp-content\/uploads\/2021\/05\/flag_ru.png\">\u0421\u0442\u043e\u043f, \u043f\u0440\u0435\u043a\u0440\u0430\u0442\u0438\u0442\u044c \u0434\u0432\u0438\u0436\u0435\u043d\u0438\u0435<\/div>\n\n\n<\/div>\n\n\n<\/div>\n\n\n\n\n<div class=\"L-item\">\n\n\n<div class=\"L-imagepart\"><img decoding=\"async\" class=\"L-image\" src=\"https:\/\/rakennussanasto.fi\/wp-content\/uploads\/2021\/08\/5-500x338.jpg\"><\/div>\n\n\n\n\n<div class=\"L-textpart\">\n\n\n<div class=\"L-text L-text1\"><img decoding=\"async\" class=\"L-flagpin\" src=\"\/wp-content\/uploads\/2021\/05\/flag_fi.png\">Vaara<\/div>\n\n\n\n\n<div class=\"L-text L-text2\"><img decoding=\"async\" class=\"L-flagpin\" src=\"\/wp-content\/uploads\/2021\/05\/flag_uk.png\">Danger<\/div>\n\n\n\n\n<div class=\"L-text L-text3\"><img decoding=\"async\" class=\"L-flagpin\" src=\"\/wp-content\/uploads\/2021\/05\/flag_ru.png\">\u041e\u043f\u0430\u0441\u043d\u043e\u0441\u0442\u044c<\/div>\n\n\n<\/div>\n\n\n<\/div>\n\n\n\n\n<div class=\"L-item\">\n\n\n<div class=\"L-imagepart\"><img decoding=\"async\" class=\"L-image\" src=\"https:\/\/rakennussanasto.fi\/wp-content\/uploads\/2021\/08\/6-500x338.jpg\"><\/div>\n\n\n\n\n<div class=\"L-textpart\">\n\n\n<div class=\"L-text L-text1\"><img decoding=\"async\" class=\"L-flagpin\" src=\"\/wp-content\/uploads\/2021\/05\/flag_fi.png\">Nosta<\/div>\n\n\n\n\n<div class=\"L-text L-text2\"><img decoding=\"async\" class=\"L-flagpin\" src=\"\/wp-content\/uploads\/2021\/05\/flag_uk.png\">Raise<\/div>\n\n\n\n\n<div class=\"L-text L-text3\"><img decoding=\"async\" class=\"L-flagpin\" src=\"\/wp-content\/uploads\/2021\/05\/flag_ru.png\">\u041f\u043e\u0434\u044a\u0435\u043c<\/div>\n\n\n<\/div>\n\n\n<\/div>\n\n\n\n\n<div class=\"L-item\">\n\n\n<div class=\"L-imagepart\"><img decoding=\"async\" class=\"L-image\" src=\"https:\/\/rakennussanasto.fi\/wp-content\/uploads\/2021\/08\/7-500x338.jpg\"><\/div>\n\n\n\n\n<div class=\"L-textpart\">\n\n\n<div class=\"L-text L-text1\"><img decoding=\"async\" class=\"L-flagpin\" src=\"\/wp-content\/uploads\/2021\/05\/flag_fi.png\">Laske<\/div>\n\n\n\n\n<div class=\"L-text L-text2\"><img decoding=\"async\" class=\"L-flagpin\" src=\"\/wp-content\/uploads\/2021\/05\/flag_uk.png\">Lower<\/div>\n\n\n\n\n<div class=\"L-text L-text3\"><img decoding=\"async\" class=\"L-flagpin\" src=\"\/wp-content\/uploads\/2021\/05\/flag_ru.png\">\u041e\u043f\u0443\u0441\u043a\u0430\u043d\u0438\u0435 \u0433\u0440\u0443\u0437\u0430<\/div>\n\n\n<\/div>\n\n\n<\/div>\n\n\n\n\n<div class=\"L-item\">\n\n\n<div class=\"L-imagepart\"><img decoding=\"async\" class=\"L-image\" src=\"https:\/\/rakennussanasto.fi\/wp-content\/uploads\/2021\/08\/8-500x338.jpg\"><\/div>\n\n\n\n\n<div class=\"L-textpart\">\n\n\n<div class=\"L-text L-text1\"><img decoding=\"async\" class=\"L-flagpin\" src=\"\/wp-content\/uploads\/2021\/05\/flag_fi.png\">Nosta hitaasti<\/div>\n\n\n\n\n<div class=\"L-text L-text2\"><img decoding=\"async\" class=\"L-flagpin\" src=\"\/wp-content\/uploads\/2021\/05\/flag_uk.png\">Raise slowly<\/div>\n\n\n\n\n<div class=\"L-text L-text3\"><img decoding=\"async\" class=\"L-flagpin\" src=\"\/wp-content\/uploads\/2021\/05\/flag_ru.png\">\u041c\u0435\u0434\u043b\u0435\u043d\u043d\u044b\u0439 \u043f\u043e\u0434\u044a\u0435\u043c<\/div>\n\n\n<\/div>\n\n\n<\/div>\n\n\n\n\n<div class=\"L-item\">\n\n\n<div class=\"L-imagepart\"><img decoding=\"async\" class=\"L-image\" src=\"https:\/\/rakennussanasto.fi\/wp-content\/uploads\/2021\/08\/9-500x338.jpg\"><\/div>\n\n\n\n\n<div class=\"L-textpart\">\n\n\n<div class=\"L-text L-text1\"><img decoding=\"async\" class=\"L-flagpin\" src=\"\/wp-content\/uploads\/2021\/05\/flag_fi.png\">Laske hitaasti<\/div>\n\n\n\n\n<div class=\"L-text L-text2\"><img decoding=\"async\" class=\"L-flagpin\" src=\"\/wp-content\/uploads\/2021\/05\/flag_uk.png\">Lower slowly<\/div>\n\n\n\n\n<div class=\"L-text L-text3\"><img decoding=\"async\" class=\"L-flagpin\" src=\"\/wp-content\/uploads\/2021\/05\/flag_ru.png\">\u041e\u043f\u0443\u0441\u043a\u0430\u043d\u0438\u0435 \u0433\u0440\u0443\u0437\u0430<\/div>\n\n\n<\/div>\n\n\n<\/div>\n\n\n\n\n<div class=\"L-item\">\n\n\n<div class=\"L-imagepart\"><img decoding=\"async\" class=\"L-image\" src=\"https:\/\/rakennussanasto.fi\/wp-content\/uploads\/2021\/08\/10s-500x338.jpg\"><\/div>\n\n\n\n\n<div class=\"L-textpart\">\n\n\n<div class=\"L-text L-text1\"><img decoding=\"async\" class=\"L-flagpin\" src=\"\/wp-content\/uploads\/2021\/05\/flag_fi.png\">Liiku eteenp\u00e4in<\/div>\n\n\n\n\n<div class=\"L-text L-text2\"><img decoding=\"async\" class=\"L-flagpin\" src=\"\/wp-content\/uploads\/2021\/05\/flag_uk.png\">Move forwards<\/div>\n\n\n\n\n<div class=\"L-text L-text3\"><img decoding=\"async\" class=\"L-flagpin\" src=\"\/wp-content\/uploads\/2021\/05\/flag_ru.png\">\u0414\u0432\u0438\u0433\u0430\u0442\u044c\u0441\u044f \u0432\u043f\u0435\u0440\u0435\u0434<\/div>\n\n\n<\/div>\n\n\n<\/div>\n\n\n\n\n<div class=\"L-item\">\n\n\n<div class=\"L-imagepart\"><img decoding=\"async\" class=\"L-image\" src=\"https:\/\/rakennussanasto.fi\/wp-content\/uploads\/2021\/08\/11-500x338.jpg\"><\/div>\n\n\n\n\n<div class=\"L-textpart\">\n\n\n<div class=\"L-text L-text1\"><img decoding=\"async\" class=\"L-flagpin\" src=\"\/wp-content\/uploads\/2021\/05\/flag_fi.png\">Liiku taaksep\u00e4in<\/div>\n\n\n\n\n<div class=\"L-text L-text2\"><img decoding=\"async\" class=\"L-flagpin\" src=\"\/wp-content\/uploads\/2021\/05\/flag_uk.png\">Move backwards<\/div>\n\n\n\n\n<div class=\"L-text L-text3\"><img decoding=\"async\" class=\"L-flagpin\" src=\"\/wp-content\/uploads\/2021\/05\/flag_ru.png\">\u0414\u0432\u0438\u0433\u0430\u0442\u044c\u0441\u044f \u043d\u0430\u0437\u0430\u0434<\/div>\n\n\n<\/div>\n\n\n<\/div>\n\n\n\n\n<div class=\"L-item\">\n\n\n<div class=\"L-imagepart\"><img decoding=\"async\" class=\"L-image\" src=\"https:\/\/rakennussanasto.fi\/wp-content\/uploads\/2021\/08\/12-500x338.jpg\"><\/div>\n\n\n\n\n<div class=\"L-textpart\">\n\n\n<div class=\"L-text L-text1\"><img decoding=\"async\" class=\"L-flagpin\" src=\"\/wp-content\/uploads\/2021\/05\/flag_fi.png\">Vasemmalle<\/div>\n\n\n\n\n<div class=\"L-text L-text2\"><img decoding=\"async\" class=\"L-flagpin\" src=\"\/wp-content\/uploads\/2021\/05\/flag_uk.png\">Left<\/div>\n\n\n\n\n<div class=\"L-text L-text3\"><img decoding=\"async\" class=\"L-flagpin\" src=\"\/wp-content\/uploads\/2021\/05\/flag_ru.png\">B\u043b\u0435\u0432\u043e<\/div>\n\n\n<\/div>\n\n\n<\/div>\n\n\n\n\n<div class=\"L-item\">\n\n\n<div class=\"L-imagepart\"><img decoding=\"async\" class=\"L-image\" src=\"https:\/\/rakennussanasto.fi\/wp-content\/uploads\/2021\/08\/13-500x338.jpg\"><\/div>\n\n\n\n\n<div class=\"L-textpart\">\n\n\n<div class=\"L-text L-text1\"><img decoding=\"async\" class=\"L-flagpin\" src=\"\/wp-content\/uploads\/2021\/05\/flag_fi.png\">Oikealle<\/div>\n\n\n\n\n<div class=\"L-text L-text2\"><img decoding=\"async\" class=\"L-flagpin\" src=\"\/wp-content\/uploads\/2021\/05\/flag_uk.png\">Right<\/div>\n\n\n\n\n<div class=\"L-text L-text3\"><img decoding=\"async\" class=\"L-flagpin\" src=\"\/wp-content\/uploads\/2021\/05\/flag_ru.png\">B\u043f\u0440\u0430\u0432\u043e<\/div>\n\n\n<\/div>\n\n\n<\/div>\n\n\n\n\n<div class=\"L-item\">\n\n\n<div class=\"L-imagepart\"><img decoding=\"async\" class=\"L-image\" src=\"https:\/\/rakennussanasto.fi\/wp-content\/uploads\/2021\/08\/14-500x338.jpg\"><\/div>\n\n\n\n\n<div class=\"L-textpart\">\n\n\n<div class=\"L-text L-text1\"><img decoding=\"async\" class=\"L-flagpin\" src=\"\/wp-content\/uploads\/2021\/05\/flag_fi.png\">Vaakasuora et\u00e4isyys<\/div>\n\n\n\n\n<div class=\"L-text L-text2\"><img decoding=\"async\" class=\"L-flagpin\" src=\"\/wp-content\/uploads\/2021\/05\/flag_uk.png\">Horizontal distance<\/div>\n\n\n\n\n<div class=\"L-text L-text3\"><img decoding=\"async\" class=\"L-flagpin\" src=\"\/wp-content\/uploads\/2021\/05\/flag_ru.png\">\u0423\u043a\u0430\u0437\u0430\u043d\u0438\u0435 \u0433\u043e\u0440\u0438\u0437\u043e\u043d\u0442\u0430\u043b\u044c\u043d\u043e\u0433\u043e \u0440\u0430\u0441\u0441\u0442\u043e\u044f\u043d\u0438\u044f<\/div>\n\n\n<\/div>\n\n\n<\/div>\n\n\n\n\n<div class=\"L-item\">\n\n\n<div class=\"L-imagepart\"><img decoding=\"async\" class=\"L-image\" src=\"https:\/\/rakennussanasto.fi\/wp-content\/uploads\/2021\/08\/15-500x338.jpg\"><\/div>\n\n\n\n\n<div class=\"L-textpart\">\n\n\n<div class=\"L-text L-text1\"><img decoding=\"async\" class=\"L-flagpin\" src=\"\/wp-content\/uploads\/2021\/05\/flag_fi.png\">Pystysuora et\u00e4isyys<\/div>\n\n\n\n\n<div class=\"L-text L-text2\"><img decoding=\"async\" class=\"L-flagpin\" src=\"\/wp-content\/uploads\/2021\/05\/flag_uk.png\">Vertical distance<\/div>\n\n\n\n\n<div class=\"L-text L-text3\"><img decoding=\"async\" class=\"L-flagpin\" src=\"\/wp-content\/uploads\/2021\/05\/flag_ru.png\">\u0423\u043a\u0430\u0437\u0430\u043d\u0438\u0435 \u0432\u0435\u0440\u0442\u0438\u043a\u0430\u043b\u044c\u043d\u043e\u0433\u043e \u0440\u0430\u0441\u0441\u0442\u043e\u044f\u043d\u0438\u044f<\/div>\n\n\n<\/div>\n\n\n<\/div>\n\n\n\n\n<div class=\"L-item\">\n\n\n<div class=\"L-imagepart\"><img decoding=\"async\" class=\"L-image\" src=\"https:\/\/rakennussanasto.fi\/wp-content\/uploads\/2021\/08\/16-500x338.jpg\"><\/div>\n\n\n\n\n<div class=\"L-textpart\">\n\n\n<div class=\"L-text L-text1\"><img decoding=\"async\" class=\"L-flagpin\" src=\"\/wp-content\/uploads\/2021\/05\/flag_fi.png\">Hitaasti<\/div>\n\n\n\n\n<div class=\"L-text L-text2\"><img decoding=\"async\" class=\"L-flagpin\" src=\"\/wp-content\/uploads\/2021\/05\/flag_uk.png\">Slowly<\/div>\n\n\n\n\n<div class=\"L-text L-text3\"><img decoding=\"async\" class=\"L-flagpin\" src=\"\/wp-content\/uploads\/2021\/05\/flag_ru.png\">\u041c\u0435\u0434\u043b\u0435\u043d\u043d\u043e<\/div>\n\n\n<\/div>\n\n\n<\/div>\n\n\n<\/div>\n\n\n<\/div>\n\n\n\n\n<div class=\"L-sect L-row L-sectcount-1\">\n\n\n<div class=\"L-node L-type-spacer\" data-type=\"spacer\" style=\"height: 0px;\">\n\n\n<div class=\"L-spacerline\"><\/div>\n\n\n<\/div>\n\n\n<\/div>\n\n\n\n\n<div class=\"L-sect L-row L-sectcount-1\">\n\n\n<div class=\"L-node L-langwrap L-lang-fi L-type-text\" data-lang=\"fi\" data-type=\"text\">\n\n\n<h2>\u00c4\u00e4niviestit<\/h2>\n\n\n<\/div>\n\n\n\n\n<div class=\"L-node L-langwrap L-lang-en L-type-text\" data-lang=\"en\" data-type=\"text\">\n\n\n<h2>Voice messages<\/h2>\n\n\n<\/div>\n\n\n\n\n<div class=\"L-node L-langwrap L-lang-ru L-type-text\" data-lang=\"ru\" data-type=\"text\">\n\n\n<h2>\u00c4\u00e4niviestit<\/h2>\n\n\n<\/div>\n\n\n<\/div>\n\n\n\n\n<div class=\"L-sect L-row L-sectcount-1\">\n\n\n<div class=\"L-node L-type-worders\" data-type=\"worders\">\n\n\n<table class=\"translatelist\">\n\n\n<tbody>\n\n\n<tr data-audio1=\"\" data-audio2=\"\" data-audio3=\"\">\n\n\n<td><span class=\"L-text1\">Aloita<\/span><\/td>\n\n\n\n\n<td><span class=\"L-text2\">Start<\/span><\/td>\n\n\n\n\n<td><span class=\"L-text3\">\u041d\u0430\u0447\u0438\u043d\u0430\u0442\u044c<\/span><span class=\"L-text4\">Nachinat'<\/span><\/td>\n\n\n<\/tr>\n\n\n\n\n<tr data-audio1=\"\" data-audio2=\"\" data-audio3=\"\">\n\n\n<td><span class=\"L-text1\">Seis<\/span><\/td>\n\n\n\n\n<td><span class=\"L-text2\">Stop<\/span><\/td>\n\n\n\n\n<td><span class=\"L-text3\">\u041e\u0441\u0442\u0430\u043d\u0430\u0432\u043b\u0438\u0432\u0430\u0442\u044c\u0441\u044f<\/span><span class=\"L-text4\">Ostanavlivat'sya<\/span><\/td>\n\n\n<\/tr>\n\n\n\n\n<tr data-audio1=\"\" data-audio2=\"\" data-audio3=\"\">\n\n\n<td><span class=\"L-text1\">Lopeta<\/span><\/td>\n\n\n\n\n<td><span class=\"L-text2\">Stop<\/span><\/td>\n\n\n\n\n<td><span class=\"L-text3\">\u041e\u0441\u0442\u0430\u043d\u0430\u0432\u043b\u0438\u0432\u0430\u0442\u044c\u0441\u044f<\/span><span class=\"L-text4\">Ostanavlivat'sya<\/span><\/td>\n\n\n<\/tr>\n\n\n\n\n<tr data-audio1=\"\" data-audio2=\"\" data-audio3=\"\">\n\n\n<td><span class=\"L-text1\">Nosta<\/span><\/td>\n\n\n\n\n<td><span class=\"L-text2\">Lift<\/span><\/td>\n\n\n\n\n<td><span class=\"L-text3\">\u041f\u043e\u0434\u043d\u044f\u0442\u044c<\/span><span class=\"L-text4\">Podniat\u00b4<\/span><\/td>\n\n\n<\/tr>\n\n\n\n\n<tr data-audio1=\"\" data-audio2=\"\" data-audio3=\"\">\n\n\n<td><span class=\"L-text1\">Laske<\/span><\/td>\n\n\n\n\n<td><span class=\"L-text2\">Lower<\/span><\/td>\n\n\n\n\n<td><span class=\"L-text3\">\u041e\u043f\u0443\u0441\u0442\u0438\u0442\u044c<\/span><span class=\"L-text4\">Opustit\u00b4<\/span><\/td>\n\n\n<\/tr>\n\n\n\n\n<tr data-audio1=\"\" data-audio2=\"\" data-audio3=\"\">\n\n\n<td><span class=\"L-text1\">Eteen<\/span><\/td>\n\n\n\n\n<td><span class=\"L-text2\">Forward<\/span><\/td>\n\n\n\n\n<td><span class=\"L-text3\">\u0412\u043f\u0435\u0440\u0435\u0434<\/span><span class=\"L-text4\">Vperiod<\/span><\/td>\n\n\n<\/tr>\n\n\n\n\n<tr data-audio1=\"\" data-audio2=\"\" data-audio3=\"\">\n\n\n<td><span class=\"L-text1\">Taakse<\/span><\/td>\n\n\n\n\n<td><span class=\"L-text2\">Backward<\/span><\/td>\n\n\n\n\n<td><span class=\"L-text3\">\u041d\u0430\u0437\u0430\u0434<\/span><span class=\"L-text4\">Nazad<\/span><\/td>\n\n\n<\/tr>\n\n\n\n\n<tr data-audio1=\"\" data-audio2=\"\" data-audio3=\"\">\n\n\n<td><span class=\"L-text1\">Oikealle<\/span><\/td>\n\n\n\n\n<td><span class=\"L-text2\">Right<\/span><\/td>\n\n\n\n\n<td><span class=\"L-text3\">B\u043f\u0440\u0430\u0432\u043e<\/span><span class=\"L-text4\">Vpravo<\/span><\/td>\n\n\n<\/tr>\n\n\n\n\n<tr data-audio1=\"\" data-audio2=\"\" data-audio3=\"\">\n\n\n<td><span class=\"L-text1\">Vasemmalle<\/span><\/td>\n\n\n\n\n<td><span class=\"L-text2\">Left<\/span><\/td>\n\n\n\n\n<td><span class=\"L-text3\">B\u043b\u0435\u0432\u043e<\/span><span class=\"L-text4\">Vlevo<\/span><\/td>\n\n\n<\/tr>\n\n\n\n\n<tr data-audio1=\"\" data-audio2=\"\" data-audio3=\"\">\n\n\n<td><span class=\"L-text1\">Vaara<\/span><\/td>\n\n\n\n\n<td><span class=\"L-text2\">Danger<\/span><\/td>\n\n\n\n\n<td><span class=\"L-text3\">\u041e\u043f\u0430\u0441\u043d\u043e\u0441\u0442\u044c<\/span><span class=\"L-text4\">Opasnost'<\/span><\/td>\n\n\n<\/tr>\n\n\n\n\n<tr data-audio1=\"\" data-audio2=\"\" data-audio3=\"\">\n\n\n<td><span class=\"L-text1\">Nopeasti<\/span><\/td>\n\n\n\n\n<td><span class=\"L-text2\">Quickly<\/span><\/td>\n\n\n\n\n<td><span class=\"L-text3\">\u0411\u044b\u0441\u0442\u0440\u043e<\/span><span class=\"L-text4\">Bystro<\/span><\/td>\n\n\n<\/tr>\n\n\n\n\n<tr data-audio1=\"\" data-audio2=\"\" data-audio3=\"\">\n\n\n<td><span class=\"L-text1\">Hitaasti<\/span><\/td>\n\n\n\n\n<td><span class=\"L-text2\">Slowly<\/span><\/td>\n\n\n\n\n<td><span class=\"L-text3\">\u041c\u0435\u0434\u043b\u0435\u043d\u043d\u043e<\/span><span class=\"L-text4\">Medlenno<\/span><\/td>\n\n\n<\/tr>\n\n\n<\/tbody>\n\n\n<\/table>\n\n\n<\/div>\n\n\n<\/div>\n\n\n--><br \/>\n<\/p>","protected":false},"excerpt":{"rendered":"<p>K\u00e4simerkit \u00c4\u00e4niviestit<\/p>\n","protected":false},"author":1,"featured_media":0,"parent":0,"menu_order":5,"comment_status":"closed","ping_status":"closed","template":"","meta":{"footnotes":""},"class_list":["post-129","page","type-page","status-publish","hentry"],"_links":{"self":[{"href":"https:\/\/rakennussanasto.fi\/ru\/wp-json\/wp\/v2\/pages\/129","targetHints":{"allow":["GET"]}}],"collection":[{"href":"https:\/\/rakennussanasto.fi\/ru\/wp-json\/wp\/v2\/pages"}],"about":[{"href":"https:\/\/rakennussanasto.fi\/ru\/wp-json\/wp\/v2\/types\/page"}],"author":[{"embeddable":true,"href":"https:\/\/rakennussanasto.fi\/ru\/wp-json\/wp\/v2\/users\/1"}],"replies":[{"embeddable":true,"href":"https:\/\/rakennussanasto.fi\/ru\/wp-json\/wp\/v2\/comments?post=129"}],"version-history":[{"count":23,"href":"https:\/\/rakennussanasto.fi\/ru\/wp-json\/wp\/v2\/pages\/129\/revisions"}],"predecessor-version":[{"id":1102,"href":"https:\/\/rakennussanasto.fi\/ru\/wp-json\/wp\/v2\/pages\/129\/revisions\/1102"}],"wp:attachment":[{"href":"https:\/\/rakennussanasto.fi\/ru\/wp-json\/wp\/v2\/media?parent=129"}],"curies":[{"name":"wp","href":"https:\/\/api.w.org\/{rel}","templated":true}]}}